{"id":13,"date":"2023-09-19T19:22:06","date_gmt":"2023-09-19T19:22:06","guid":{"rendered":"https:\/\/asemet.net\/wordpress\/?page_id=13"},"modified":"2023-09-20T18:48:05","modified_gmt":"2023-09-20T18:48:05","slug":"home-2","status":"publish","type":"page","link":"https:\/\/asemet.net\/","title":{"rendered":"Home"},"content":{"rendered":"\t\t<div data-elementor-type=\"wp-page\" data-elementor-id=\"13\" class=\"elementor elementor-13\">\n\t\t\t\t<div class=\"elementor-element elementor-element-fd56822 e-flex e-con-boxed e-con e-parent\" data-id=\"fd56822\" data-element_type=\"container\">\n\t\t\t\t\t<div class=\"e-con-inner\">\n\t\t<div class=\"elementor-element elementor-element-1191edf e-con-full e-flex e-con e-child\" data-id=\"1191edf\" data-element_type=\"container\">\n\t\t\t\t<div class=\"elementor-element elementor-element-1920720 elementor-widget elementor-widget-text-editor\" data-id=\"1920720\" data-element_type=\"widget\" data-widget_type=\"text-editor.default\">\n\t\t\t\t<div class=\"elementor-widget-container\">\n\t\t\t\t\t\t\t<h1 class=\"elementor-heading-title elementor-size-xxl elementor-inline-editing pen\" style=\"font-family: Helvetica, sans-serif; font-weight: 600; color: #000000; font-size: 44px; word-spacing: -1px; text-align: center;\" data-elementor-setting-key=\"title\" data-pen-placeholder=\"Teclea aqu\u00ed...\">Asesor\u00eda y Capacitaci\u00f3n <br \/>en Metrolog\u00eda<\/h1>\t\t\t\t\t\t<\/div>\n\t\t\t\t<\/div>\n\t\t\t\t<\/div>\n\t\t<div class=\"elementor-element elementor-element-2b55518 e-con-full e-flex e-con e-child\" data-id=\"2b55518\" data-element_type=\"container\">\n\t\t\t\t<div class=\"elementor-element elementor-element-3c33c2f elementor-widget elementor-widget-image\" data-id=\"3c33c2f\" data-element_type=\"widget\" data-widget_type=\"image.default\">\n\t\t\t\t<div class=\"elementor-widget-container\">\n\t\t\t\t\t\t\t\t\t\t\t\t\t<img fetchpriority=\"high\" decoding=\"async\" width=\"800\" height=\"500\" src=\"https:\/\/asemet.net\/wp-content\/uploads\/2023\/09\/kilogramo-patron.jpg\" class=\"attachment-large size-large wp-image-47\" alt=\"\" srcset=\"https:\/\/asemet.net\/wp-content\/uploads\/2023\/09\/kilogramo-patron.jpg 1000w, https:\/\/asemet.net\/wp-content\/uploads\/2023\/09\/kilogramo-patron-300x188.jpg 300w, https:\/\/asemet.net\/wp-content\/uploads\/2023\/09\/kilogramo-patron-768x480.jpg 768w\" sizes=\"(max-width: 800px) 100vw, 800px\" \/>\t\t\t\t\t\t\t\t\t\t\t\t\t<\/div>\n\t\t\t\t<\/div>\n\t\t\t\t<\/div>\n\t\t\t\t\t<\/div>\n\t\t\t\t<\/div>\n\t\t<div class=\"elementor-element elementor-element-67492aa e-flex e-con-boxed e-con e-parent\" data-id=\"67492aa\" data-element_type=\"container\">\n\t\t\t\t\t<div class=\"e-con-inner\">\n\t\t\t\t<div class=\"elementor-element elementor-element-7dd3e85 elementor-widget elementor-widget-text-editor\" data-id=\"7dd3e85\" data-element_type=\"widget\" data-widget_type=\"text-editor.default\">\n\t\t\t\t<div class=\"elementor-widget-container\">\n\t\t\t\t\t\t\t<h2><strong>M\u00e1s de 40 a\u00f1os contribuyendo al\u00a0<\/strong><br \/><strong>Aseguramiento Metrol\u00f3gico en\u00a0<\/strong><br \/><strong>M\u00e9xico y Latinoam\u00e9rica.<\/strong><\/h2>\t\t\t\t\t\t<\/div>\n\t\t\t\t<\/div>\n\t\t\t\t\t<\/div>\n\t\t\t\t<\/div>\n\t\t\t\t<\/div>\n\t\t","protected":false},"excerpt":{"rendered":"<p>Asesor\u00eda y Capacitaci\u00f3n en Metrolog\u00eda M\u00e1s de 40 a\u00f1os contribuyendo al\u00a0Aseguramiento Metrol\u00f3gico en\u00a0M\u00e9xico y Latinoam\u00e9rica.<\/p>\n","protected":false},"author":1,"featured_media":0,"parent":0,"menu_order":0,"comment_status":"closed","ping_status":"closed","template":"","meta":{"_coblocks_attr":"","_coblocks_dimensions":"","_coblocks_responsive_height":"","_coblocks_accordion_ie_support":"","footnotes":""},"class_list":["post-13","page","type-page","status-publish","hentry"],"_links":{"self":[{"href":"https:\/\/asemet.net\/index.php\/wp-json\/wp\/v2\/pages\/13","targetHints":{"allow":["GET"]}}],"collection":[{"href":"https:\/\/asemet.net\/index.php\/wp-json\/wp\/v2\/pages"}],"about":[{"href":"https:\/\/asemet.net\/index.php\/wp-json\/wp\/v2\/types\/page"}],"author":[{"embeddable":true,"href":"https:\/\/asemet.net\/index.php\/wp-json\/wp\/v2\/users\/1"}],"replies":[{"embeddable":true,"href":"https:\/\/asemet.net\/index.php\/wp-json\/wp\/v2\/comments?post=13"}],"version-history":[{"count":33,"href":"https:\/\/asemet.net\/index.php\/wp-json\/wp\/v2\/pages\/13\/revisions"}],"predecessor-version":[{"id":147,"href":"https:\/\/asemet.net\/index.php\/wp-json\/wp\/v2\/pages\/13\/revisions\/147"}],"wp:attachment":[{"href":"https:\/\/asemet.net\/index.php\/wp-json\/wp\/v2\/media?parent=13"}],"curies":[{"name":"wp","href":"https:\/\/api.w.org\/{rel}","templated":true}]}}